{"id":11542,"date":"2025-03-18T15:31:48","date_gmt":"2025-03-18T14:31:48","guid":{"rendered":"http:\/\/wienerkerzen.at\/?post_type=product&#038;p=11542"},"modified":"2026-03-18T18:45:16","modified_gmt":"2026-03-18T17:45:16","slug":"kerze-schaefchen-aus-bienenwachs","status":"publish","type":"product","link":"https:\/\/wienerkerzen.at\/en\/product\/kerze-schaefchen-aus-bienenwachs\/","title":{"rendered":"Kerze \u201eSch\u00e4fchen\u201c aus Bienenwachs"},"content":{"rendered":"","protected":false},"excerpt":{"rendered":"<p class=\"p1\">Material: 100 % Bienenwachs<\/p>\n<p class=\"p1\">Wick: cotton<\/p>\n<p class=\"p1\">Gr\u00f6\u00dfe: H\u00f6he 4,5 cm<\/p>\n<p class=\"p1\">Gewicht: 80 g (+\/- 5 g)<\/p>\n<p class=\"p1\">Brenndauer: ca. 7 Stunden<\/p>\n<p class=\"p1\">Bitte beachten Sie, dass die Farbe der Kerze von der Produktabbildung auf der Website abweichen kann. Die Farbnuancen h\u00e4ngen von der jeweiligen Wachspartie, der Jahreszeit und der Herkunft des Wachses ab. Zudem k\u00f6nnen individuelle Bildschirmeinstellungen die Farbdarstellung beeinflussen. Die Farbpalette reicht von leuchtendem Gelb bis zu einem Gelbgr\u00fcn.<\/p>","protected":false},"author":2,"featured_media":11543,"template":"","meta":[],"product_brand":[],"product_cat":[217,27,141,130,139],"product_tag":[],"giftcard-category":[],"class_list":{"0":"post-11542","1":"product","2":"type-product","3":"status-publish","4":"has-post-thumbnail","6":"product_cat-osterkerzen-osterkerzen","7":"product_cat-kerzen","8":"product_cat-duftkerzen","9":"product_cat-festtagskerzen","10":"product_cat-osterkerzen","11":"","13":"first","14":"instock","15":"shipping-taxable","16":"purchasable","17":"product-type-simple"},"_links":{"self":[{"href":"https:\/\/wienerkerzen.at\/en\/wp-json\/wp\/v2\/product\/11542","targetHints":{"allow":["GET"]}}],"collection":[{"href":"https:\/\/wienerkerzen.at\/en\/wp-json\/wp\/v2\/product"}],"about":[{"href":"https:\/\/wienerkerzen.at\/en\/wp-json\/wp\/v2\/types\/product"}],"author":[{"embeddable":true,"href":"https:\/\/wienerkerzen.at\/en\/wp-json\/wp\/v2\/users\/2"}],"wp:featuredmedia":[{"embeddable":true,"href":"https:\/\/wienerkerzen.at\/en\/wp-json\/wp\/v2\/media\/11543"}],"wp:attachment":[{"href":"https:\/\/wienerkerzen.at\/en\/wp-json\/wp\/v2\/media?parent=11542"}],"wp:term":[{"taxonomy":"product_brand","embeddable":true,"href":"https:\/\/wienerkerzen.at\/en\/wp-json\/wp\/v2\/product_brand?post=11542"},{"taxonomy":"product_cat","embeddable":true,"href":"https:\/\/wienerkerzen.at\/en\/wp-json\/wp\/v2\/product_cat?post=11542"},{"taxonomy":"product_tag","embeddable":true,"href":"https:\/\/wienerkerzen.at\/en\/wp-json\/wp\/v2\/product_tag?post=11542"},{"taxonomy":"giftcard-category","embeddable":true,"href":"https:\/\/wienerkerzen.at\/en\/wp-json\/wp\/v2\/giftcard-category?post=11542"}],"curies":[{"name":"wp","href":"https:\/\/api.w.org\/{rel}","templated":true}]}}