{"id":9026,"date":"2022-10-25T13:33:00","date_gmt":"2022-10-25T13:33:00","guid":{"rendered":"http:\/\/wienerkerzen.at\/?post_type=product&#038;p=9026"},"modified":"2026-04-17T11:20:39","modified_gmt":"2026-04-17T10:20:39","slug":"workshop-kerzen-und-wein-wien","status":"publish","type":"product","link":"http:\/\/wienerkerzen.at\/en\/product\/workshop-kerzen-und-wein-wien\/","title":{"rendered":"Workshop &#8222;Kerzen &#038; Wein&#8220;"},"content":{"rendered":"<div class=\"elementor-element elementor-element-525411d elementor-widget elementor-widget-text-editor\" data-id=\"525411d\" data-element_type=\"widget\" data-widget_type=\"text-editor.default\">\n<div class=\"elementor-widget-container\">\n<p>Disclaimer! All participants of the masterclass should be 18+ years old. Prior registration is required.<\/p>\n<\/div>\n<\/div>\n<div class=\"elementor-element elementor-element-2ea2009 elementor-widget elementor-widget-text-editor\" data-id=\"2ea2009\" data-element_type=\"widget\" data-widget_type=\"text-editor.default\">\n<div class=\"elementor-widget-container\">\n<p><strong>Duration:<\/strong> 1,5 &#8211; 2 Stunden<\/p>\n<p><strong>Cost:<\/strong> 59 Euro\/Person, eine Vorauszahlung ist obligatorisch.<\/p>\n<p><span style=\"font-weight: 400;\"><strong>Number of participants:<\/strong> maximal &#8211; 20 Personen, minimal &#8211; 10 Personen<\/span><\/p>\n<p data-pm-slice=\"1 1 []\"><strong>Ort:<\/strong> Wiener Kerzenmanufaktur, Singerstra\u00dfe 26, 1010 Wien.<\/p>\n<p><strong data-start=\"49\" data-end=\"76\">Stornierungsbedingungen<\/strong><br data-start=\"76\" data-end=\"79\" \/>Sie k\u00f6nnen ihre Buchung innerhalb von 48 Stunden nach der Bezahlung stornieren und erh\u00e4ltst eine vollst\u00e4ndige R\u00fcckerstattung des Betrags.<br data-start=\"219\" data-end=\"222\" \/>Falls Sie Buchung \u00e4ndern m\u00f6chten, k\u00f6nnen Sie dies einmalig bis sp\u00e4testens 48 Stunden vor Werkstattbeginn vornehmen.<\/p>\n<div>\n<p><a href=\"http:\/\/wienerkerzen.at\/en\/kerzenwerkstatt\/werkstaette_fuer_unternehmen\/\" target=\"_blank\" rel=\"noopener\"><strong>Sonderangebot f\u00fcr Firmenbestellungen\u00a0<\/strong><\/a><\/p>\n<p>Suchen Sie nach einer besonderen M\u00f6glichkeit, Ihre Mitarbeiter mit einem kreativen und unvergesslichen Event zu \u00fcberraschen?<\/p>\n<p>F\u00fcr Ihre Firmenveranstaltung organisieren wir gerne den Workshop\u00a0<strong>\u201eKerzen &amp; Wein\u201c<\/strong>\u00a0\u2013 f\u00fcr Gruppen bis zu\u00a0<strong>50 Personen<\/strong>.<br \/>\nGemeinsam kreieren Ihre G\u00e4ste individuelle Duftkerzen in entspannter Atmosph\u00e4re \u2013 ideal als Teambuilding oder festlicher Jahresabschluss.<\/p>\n<p>Wir freuen uns auf Ihre Anfrage:<br \/>\n<strong>+43 664 1423773<\/strong><br \/>\n<strong><a href=\"mailto:info@wienerkerzen.at\">info@wienerkerzen.at<\/a><\/strong><\/p>\n<\/div>\n<p><a href=\"http:\/\/wienerkerzen.at\/en\/product\/kerzenworkshop_firmenevent\/\" target=\"_blank\" rel=\"noopener\"><button style=\"background-color: #b1762a; color: white; padding: 10px 10px; border: none; border-radius: 5px; font-family: 'DM Sans';\"> Learn more <\/button><\/a><\/p>\n<\/div>\n<p><a href=\"http:\/\/wienerkerzen.at\/en\/product\/kerzenworkshop-private-event\/\" target=\"_blank\" rel=\"noopener\"><button style=\"background-color: #b1762a; color: white; padding: 10px 10px; border: none; border-radius: 5px; font-family: 'DM Sans';\"> Pers\u00f6nlichen Workshop anfragen <\/button><\/a><\/p>\n<blockquote>\n<h3><strong>Wiener Kerzenmanufaktur \u2013 Atelier des Lichts und Dufts im Herzen Wiens.<\/strong><\/h3>\n<\/blockquote>\n<\/div>","protected":false},"excerpt":{"rendered":"<p data-pm-slice=\"1 1 []\">Workshop &#8222;Kerzen &amp; Wein&#8220;. Erleben Sie einen besonderen Abend im Herzen Wiens in einem historischen Ambiente! Unsere Wiener Kerzenmanufaktur befindet sich in einem traditionsreichen Geb\u00e4ude: Jahrelang war hier ein beliebtes Blumengesch\u00e4ft beheimatet, und davor dienten die R\u00e4umlichkeiten als Weinkeller des Franziskanerklosters. Die Verbindung von Duft und Wein ist also kein Zufall! So kamen wir auf die Idee unsere Kerzenwerkstatt mit Weinproben zu verbinden.<\/p>\n<p>Die perfekte Gelegenheit, um einen Geburtstag, einen Junggesellenabschied oder \u00e4hnliches zu feiern oder Zeit mit Freunden zu verbringen.<\/p>\n<p>Wir machen Ihnen sehr gerne Vorschl\u00e4ge, aus denen Sie dann nach Lust und Laune ausw\u00e4hlen k\u00f6nnen. Die professionelle Kerzenmacher der Wiener Kerzenmanufaktur f\u00fchren Sie durch den gesamten Herstellungsprozess einer Kerze.<\/p>\n<p><strong>Und das werden wir machen \u2026<\/strong><\/p>\n<p data-pm-slice=\"1 3 []\">\u2705 Gestaltung von drei einzigartigen Kerzen:<\/p>\n<ul data-spread=\"false\">\n<li>Duftende Sojawachskerze in einem stilvollen Keramikgef\u00e4\u00df<\/li>\n<li>Handgerollte Bienenwachskerze<\/li>\n<li>Elegante Stabkerze f\u00fcr besondere Anl\u00e4sse<\/li>\n<\/ul>\n<p data-pm-slice=\"1 1 [&quot;list&quot;,{&quot;spread&quot;:false,&quot;start&quot;:498,&quot;end&quot;:770},&quot;regular_list_item&quot;,{&quot;start&quot;:589,&quot;end&quot;:770}]\">\u2705 Verkostung exquisiter \u00f6sterreichischer Weine<\/p>\n<p data-pm-slice=\"1 1 [&quot;list&quot;,{&quot;spread&quot;:false,&quot;start&quot;:498,&quot;end&quot;:770},&quot;regular_list_item&quot;,{&quot;start&quot;:589,&quot;end&quot;:770}]\">\u2705 Entspannte Atmosph\u00e4re \u2013 ideal f\u00fcr romantische Dates, Treffen mit Freunden oder Teamevents<\/p>\n<p data-pm-slice=\"1 1 [&quot;list&quot;,{&quot;spread&quot;:false,&quot;start&quot;:498,&quot;end&quot;:770},&quot;regular_list_item&quot;,{&quot;start&quot;:589,&quot;end&quot;:770}]\"><img decoding=\"async\" class=\"emoji\" role=\"img\" draggable=\"false\" src=\"https:\/\/s.w.org\/images\/core\/emoji\/15.0.3\/svg\/2705.svg\" alt=\"\u2705\" \/> 10% Rabatt auf alle Kerzen in unserem Gesch\u00e4ft am Tag der Durchf\u00fchrung des Workshops<\/p>\n<p><strong>Warum ist \u201cKerzen &amp; Wein\u201d etwas Besonderes?<\/strong><\/p>\n<p>Wir haben uns f\u00fcr die Kombination von Wein und Kerzen entschieden, weil sie einfach wie f\u00fcreinander geschaffen sind. Sie komplementieren einander und heben das jeweilig Einzigartige hervor. Seien Sie sicher, das Einzige, das l\u00e4nger als das Vergn\u00fcgen unseres Workshops dauert, ist das Licht einer selbstgemachten Kerze.<\/p>\n<p><a href=\"https:\/\/wienerkerzen.at\/firmenbestellungen\/\" target=\"_blank\" rel=\"noopener\"><strong>Sonderangebot f\u00fcr Firmenbestellungen.<\/strong><\/a><br \/>\nSuchen Sie nach einer M\u00f6glichkeit, die Mitarbeiter Ihres Unternehmens mit einem interessanten Veranstaltungsformat zu \u00fcberraschen? F\u00fcr Ihre Firmenveranstaltung organisieren wir gerne den Workshop \u201cKerzen und Wein\u201d f\u00fcr 50 Personen. Wir freuen uns auf Ihren Anruf: +43 664 1423773.<\/p>\n<p><strong>Findest du dieses Produkt perfekt f\u00fcr einen Freund oder einen lieben Menschen? Dann kannst du einen Geschenkgutschein daf\u00fcr kaufen!<\/strong><\/p>\n<p style=\"text-align: center;\"><a href=\"https:\/\/wienerkerzen.at\/product\/gutschein-fuer-den-workshop-kerzen-wein\/\" target=\"_blank\" rel=\"noopener\"><button style=\"background-color: #b1762a; color: white; padding: 10px 10px; border: none; border-radius: 5px; font-family: 'DM Sans';\"> Dieses Produkt verschenken <\/button><\/a><\/p>\n","protected":false},"author":2,"featured_media":10671,"template":"","meta":[],"product_brand":[],"product_cat":[239,158],"product_tag":[],"giftcard-category":[236],"class_list":{"0":"post-9026","1":"product","2":"type-product","3":"status-publish","4":"has-post-thumbnail","6":"product_cat-bez-katehorii-en-workshops-3","7":"product_cat-workshops","8":"giftcard-category-bez-katehorii-en-13","9":"","11":"first","12":"instock","13":"virtual","14":"purchasable","15":"product-type-simple"},"_links":{"self":[{"href":"http:\/\/wienerkerzen.at\/en\/wp-json\/wp\/v2\/product\/9026","targetHints":{"allow":["GET"]}}],"collection":[{"href":"http:\/\/wienerkerzen.at\/en\/wp-json\/wp\/v2\/product"}],"about":[{"href":"http:\/\/wienerkerzen.at\/en\/wp-json\/wp\/v2\/types\/product"}],"author":[{"embeddable":true,"href":"http:\/\/wienerkerzen.at\/en\/wp-json\/wp\/v2\/users\/2"}],"wp:featuredmedia":[{"embeddable":true,"href":"http:\/\/wienerkerzen.at\/en\/wp-json\/wp\/v2\/media\/10671"}],"wp:attachment":[{"href":"http:\/\/wienerkerzen.at\/en\/wp-json\/wp\/v2\/media?parent=9026"}],"wp:term":[{"taxonomy":"product_brand","embeddable":true,"href":"http:\/\/wienerkerzen.at\/en\/wp-json\/wp\/v2\/product_brand?post=9026"},{"taxonomy":"product_cat","embeddable":true,"href":"http:\/\/wienerkerzen.at\/en\/wp-json\/wp\/v2\/product_cat?post=9026"},{"taxonomy":"product_tag","embeddable":true,"href":"http:\/\/wienerkerzen.at\/en\/wp-json\/wp\/v2\/product_tag?post=9026"},{"taxonomy":"giftcard-category","embeddable":true,"href":"http:\/\/wienerkerzen.at\/en\/wp-json\/wp\/v2\/giftcard-category?post=9026"}],"curies":[{"name":"wp","href":"https:\/\/api.w.org\/{rel}","templated":true}]}}