{"id":12680,"date":"2025-11-25T20:58:42","date_gmt":"2025-11-25T19:58:42","guid":{"rendered":"https:\/\/wienerkerzen.at\/?post_type=product&#038;p=12680"},"modified":"2026-02-08T19:17:44","modified_gmt":"2026-02-08T18:17:44","slug":"gutschein-kerzen-kakao","status":"publish","type":"product","link":"http:\/\/wienerkerzen.at\/en\/product\/gutschein-kerzen-kakao\/","title":{"rendered":"Gutschein: Workshop &#8222;Kerzen &#038; Kakao&#8220;"},"content":{"rendered":"<p class=\"p1\"><strong>Details:<\/strong><\/p>\n<p>\u2022 Wert: 59 \u20ac<br \/>\n\u2022 Dauer: ca. 1,5-2 Stunden<br \/>\n\u2022 Empfohlenes Alter: ab 6 Jahren<br \/>\n\u2022 Ort: Singerstra\u00dfe 26, 1010 Wien<br \/>\n\u2022 Inklusive: 3 Kerzen &amp; Kakao<br \/>\n\u2022 G\u00fcltigkeit: 1 Jahr (Einl\u00f6sbar innerhalb von 12 Monaten ab Kaufdatum. Eine Verl\u00e4ngerung ist bei rechtzeitiger Kontaktaufnahme m\u00f6glich.)<br \/>\n\u2022 Einl\u00f6sbar f\u00fcr: alle Termine von \u201eKerzen &amp; Kakao\u201c<br \/>\n\u2022 Gutschein per E-Mail<\/p>\n<p>&nbsp;<\/p>","protected":false},"excerpt":{"rendered":"<p>F\u00fcr kleine Kreative und Familien mit Herz. Kinder ab 6 Jahren gestalten gemeinsam mit einer Begleitperson drei eigene Kerzen \u2013 begleitet von warmem Kakao und einer liebevollen, entspannten Atmosph\u00e4re<\/p>","protected":false},"author":2,"featured_media":13271,"template":"","meta":[],"product_brand":[],"product_cat":[178],"product_tag":[],"giftcard-category":[],"class_list":{"0":"post-12680","1":"product","2":"type-product","3":"status-publish","4":"has-post-thumbnail","6":"product_cat-gutscheine","7":"","9":"first","10":"instock","11":"virtual","12":"purchasable","13":"product-type-gift-card"},"_links":{"self":[{"href":"http:\/\/wienerkerzen.at\/en\/wp-json\/wp\/v2\/product\/12680","targetHints":{"allow":["GET"]}}],"collection":[{"href":"http:\/\/wienerkerzen.at\/en\/wp-json\/wp\/v2\/product"}],"about":[{"href":"http:\/\/wienerkerzen.at\/en\/wp-json\/wp\/v2\/types\/product"}],"author":[{"embeddable":true,"href":"http:\/\/wienerkerzen.at\/en\/wp-json\/wp\/v2\/users\/2"}],"wp:featuredmedia":[{"embeddable":true,"href":"http:\/\/wienerkerzen.at\/en\/wp-json\/wp\/v2\/media\/13271"}],"wp:attachment":[{"href":"http:\/\/wienerkerzen.at\/en\/wp-json\/wp\/v2\/media?parent=12680"}],"wp:term":[{"taxonomy":"product_brand","embeddable":true,"href":"http:\/\/wienerkerzen.at\/en\/wp-json\/wp\/v2\/product_brand?post=12680"},{"taxonomy":"product_cat","embeddable":true,"href":"http:\/\/wienerkerzen.at\/en\/wp-json\/wp\/v2\/product_cat?post=12680"},{"taxonomy":"product_tag","embeddable":true,"href":"http:\/\/wienerkerzen.at\/en\/wp-json\/wp\/v2\/product_tag?post=12680"},{"taxonomy":"giftcard-category","embeddable":true,"href":"http:\/\/wienerkerzen.at\/en\/wp-json\/wp\/v2\/giftcard-category?post=12680"}],"curies":[{"name":"wp","href":"https:\/\/api.w.org\/{rel}","templated":true}]}}